{"id":113,"date":"2023-05-03T17:37:45","date_gmt":"2023-05-03T15:37:45","guid":{"rendered":"https:\/\/bcsophrologue.com\/?page_id=113"},"modified":"2023-06-18T18:01:11","modified_gmt":"2023-06-18T16:01:11","slug":"quand-consulter","status":"publish","type":"page","link":"https:\/\/bcsophrologue.com\/index.php\/quand-consulter\/","title":{"rendered":"Pourquoi consulter ?"},"content":{"rendered":"\n<p class=\"has-text-align-center has-black-color has-text-color\" style=\"font-size:17px\">Consulter lorsque vous avez envie de vivre plus sereinement, de faire face \u00e0 un ou plusieurs \u00e9v\u00e8nements dans votre vie. La Sophrologie s&#8217;adresse \u00e0 tous les publics  \u00e0 partir de 7 ans et tout au long de sa vie.  Je vous propose de vous accompagner pour un moment dans votre vie en s\u00e9ance individuelle ou collective pour : <\/p>\n\n\n\n<p><\/p>\n\n\n\n<div class=\"wp-block-media-text alignwide is-stacked-on-mobile\" style=\"grid-template-columns:39% auto\"><figure class=\"wp-block-media-text__media\"><img decoding=\"async\" loading=\"lazy\" width=\"1024\" height=\"1024\" src=\"https:\/\/bcsophrologue.com\/wp-content\/uploads\/2023\/06\/head-1965671-1024x1024.jpg\" alt=\"\" class=\"wp-image-605 size-full\" srcset=\"https:\/\/bcsophrologue.com\/wp-content\/uploads\/2023\/06\/head-1965671-1024x1024.jpg 1024w, https:\/\/bcsophrologue.com\/wp-content\/uploads\/2023\/06\/head-1965671-300x300.jpg 300w, https:\/\/bcsophrologue.com\/wp-content\/uploads\/2023\/06\/head-1965671-150x150.jpg 150w, https:\/\/bcsophrologue.com\/wp-content\/uploads\/2023\/06\/head-1965671-768x768.jpg 768w, https:\/\/bcsophrologue.com\/wp-content\/uploads\/2023\/06\/head-1965671-1536x1536.jpg 1536w, https:\/\/bcsophrologue.com\/wp-content\/uploads\/2023\/06\/head-1965671-2048x2048.jpg 2048w\" sizes=\"(max-width: 1024px) 100vw, 1024px\" \/><\/figure><div class=\"wp-block-media-text__content\">\n<ul>\n<li style=\"font-size:17px\"><strong>Surmenage<\/strong><\/li>\n\n\n\n<li style=\"font-size:17px\"><strong>Stress, angoisse, anxi\u00e9t\u00e9, trac<\/strong><\/li>\n\n\n\n<li style=\"font-size:17px\"><strong>Trouble du sommeil (difficult\u00e9s d&#8217;endormissement, insomnies)<\/strong><\/li>\n\n\n\n<li style=\"font-size:17px\"><strong>Confiance en soi et estime de soi<\/strong><\/li>\n\n\n\n<li style=\"font-size:17px\"><strong>Calmer ses \u00e9motions<\/strong><\/li>\n\n\n\n<li style=\"font-size:17px\"><strong>Vitalit\u00e9, se ressourcer, stimuler l&#8217;\u00e9quilibre<\/strong><\/li>\n\n\n\n<li style=\"font-size:17px\"><strong>D\u00e9veloppement de la concentration et <\/strong>de <strong>la m\u00e9moire<\/strong><\/li>\n\n\n\n<li style=\"font-size:17px\"><strong>Changement de vie personnel ou professionnel <\/strong><\/li>\n\n\n\n<li style=\"font-size:17px\"><strong>Pr\u00e9paration \u00e0 un examen, une comp\u00e9tition, un entretien individuel<\/strong><\/li>\n\n\n\n<li style=\"font-size:17px\"><strong>Accompagnement d&#8217;un traitement m\u00e9dical et pr\u00e9paration \u00e0 une intervention<\/strong><\/li>\n<\/ul>\n<\/div><\/div>\n","protected":false},"excerpt":{"rendered":"<p>Consulter lorsque vous avez envie de vivre plus sereinement, de faire face \u00e0 un ou plusieurs \u00e9v\u00e8nements dans votre vie. La Sophrologie s&#8217;adresse \u00e0 tous les publics \u00e0 partir de &hellip; <\/p>\n","protected":false},"author":1,"featured_media":218,"parent":0,"menu_order":0,"comment_status":"closed","ping_status":"closed","template":"","meta":[],"aioseo_notices":[],"_links":{"self":[{"href":"https:\/\/bcsophrologue.com\/index.php\/wp-json\/wp\/v2\/pages\/113"}],"collection":[{"href":"https:\/\/bcsophrologue.com\/index.php\/wp-json\/wp\/v2\/pages"}],"about":[{"href":"https:\/\/bcsophrologue.com\/index.php\/wp-json\/wp\/v2\/types\/page"}],"author":[{"embeddable":true,"href":"https:\/\/bcsophrologue.com\/index.php\/wp-json\/wp\/v2\/users\/1"}],"replies":[{"embeddable":true,"href":"https:\/\/bcsophrologue.com\/index.php\/wp-json\/wp\/v2\/comments?post=113"}],"version-history":[{"count":23,"href":"https:\/\/bcsophrologue.com\/index.php\/wp-json\/wp\/v2\/pages\/113\/revisions"}],"predecessor-version":[{"id":663,"href":"https:\/\/bcsophrologue.com\/index.php\/wp-json\/wp\/v2\/pages\/113\/revisions\/663"}],"wp:featuredmedia":[{"embeddable":true,"href":"https:\/\/bcsophrologue.com\/index.php\/wp-json\/wp\/v2\/media\/218"}],"wp:attachment":[{"href":"https:\/\/bcsophrologue.com\/index.php\/wp-json\/wp\/v2\/media?parent=113"}],"curies":[{"name":"wp","href":"https:\/\/api.w.org\/{rel}","templated":true}]}}