{"id":126,"date":"2023-05-03T17:38:51","date_gmt":"2023-05-03T15:38:51","guid":{"rendered":"https:\/\/bcsophrologue.com\/?page_id=126"},"modified":"2023-06-18T19:23:27","modified_gmt":"2023-06-18T17:23:27","slug":"seance-individuelle","status":"publish","type":"page","link":"https:\/\/bcsophrologue.com\/index.php\/seance-individuelle\/","title":{"rendered":"S\u00e9ance individuelle"},"content":{"rendered":"\n<figure class=\"wp-block-pullquote has-text-align-center has-white-background-color has-text-color has-background has-medium-font-size\" style=\"color:#4007e3\"><blockquote><p>La personne la plus importante c&#8217;est vous. Je vous propose un accompagnement personnalis\u00e9.<\/p><\/blockquote><\/figure>\n\n\n<div class=\"wp-block-image is-style-rounded\">\n<figure class=\"aligncenter size-full is-resized\"><img decoding=\"async\" loading=\"lazy\" src=\"https:\/\/bcsophrologue.com\/wp-content\/uploads\/2023\/06\/balls-407081-scaled.jpg\" alt=\"\" class=\"wp-image-529\" width=\"640\" height=\"326\" srcset=\"https:\/\/bcsophrologue.com\/wp-content\/uploads\/2023\/06\/balls-407081-scaled.jpg 2560w, https:\/\/bcsophrologue.com\/wp-content\/uploads\/2023\/06\/balls-407081-300x153.jpg 300w, https:\/\/bcsophrologue.com\/wp-content\/uploads\/2023\/06\/balls-407081-1024x521.jpg 1024w, https:\/\/bcsophrologue.com\/wp-content\/uploads\/2023\/06\/balls-407081-768x391.jpg 768w, https:\/\/bcsophrologue.com\/wp-content\/uploads\/2023\/06\/balls-407081-1536x782.jpg 1536w, https:\/\/bcsophrologue.com\/wp-content\/uploads\/2023\/06\/balls-407081-2048x1042.jpg 2048w\" sizes=\"(max-width: 640px) 100vw, 640px\" \/><\/figure><\/div>\n\n\n<h2 class=\"wp-block-heading\" style=\"font-size:32px\">Cadre d&#8217;une s\u00e9ance<\/h2>\n\n\n\n<ul>\n<li style=\"font-size:17px\">Sur rendez-vous \u00e0 mon cabinet ou  en Visio<\/li>\n\n\n\n<li style=\"font-size:17px\">Pr\u00e9voir 1h30 pour la premi\u00e8re s\u00e9ance avec un premier contact et une pratique (sans engagement)<\/li>\n\n\n\n<li style=\"font-size:17px\">S\u00e9ances suivantes : 1 heure par s\u00e9ance<\/li>\n\n\n\n<li style=\"font-size:17px\">Fr\u00e9quence et nombre de s\u00e9ances : \u00e0 d\u00e9finir ensemble lors du premier rendez-vous<\/li>\n<\/ul>\n\n\n\n<div style=\"height:24px\" aria-hidden=\"true\" class=\"wp-block-spacer\"><\/div>\n\n\n\n<h2 class=\"wp-block-heading\" style=\"font-size:32px\">D\u00e9roulement d&#8217;une s\u00e9ance<\/h2>\n\n\n\n<ul>\n<li style=\"font-size:17px\">Un premier temps d&#8217;\u00e9change <\/li>\n\n\n\n<li style=\"font-size:17px\">La pr\u00e9sentation de l&#8217;objectif de la s\u00e9ance <\/li>\n\n\n\n<li style=\"font-size:17px\">Explication des \u00e9tapes de la pratique adapt\u00e9e \u00e0 chacun et aux circonstances<\/li>\n\n\n\n<li style=\"font-size:17px\">Un second temps de dialogue sur les ressentis et le v\u00e9cu de la s\u00e9ance. La mise \u00e0 l&#8217;\u00e9coute de ses ressentis constitue un temps pr\u00e9cieux pour apprendre \u00e0 se mettre \u00e0 l&#8217;\u00e9coute de soi.<\/li>\n<\/ul>\n\n\n\n<div style=\"height:24px\" aria-hidden=\"true\" class=\"wp-block-spacer\"><\/div>\n\n\n\n<h2 class=\"wp-block-heading\" style=\"font-size:32px\">Tarifs<\/h2>\n\n\n\n<div class=\"wp-block-media-text alignwide is-stacked-on-mobile is-image-fill\" style=\"grid-template-columns:62% auto\"><figure class=\"wp-block-media-text__media\" style=\"background-image:url(https:\/\/bcsophrologue.com\/wp-content\/uploads\/2023\/06\/money-2696219-1-1024x683.jpg);background-position:48% 34%\"><img decoding=\"async\" loading=\"lazy\" width=\"1024\" height=\"683\" src=\"https:\/\/bcsophrologue.com\/wp-content\/uploads\/2023\/06\/money-2696219-1-1024x683.jpg\" alt=\"\" class=\"wp-image-576 size-full\" srcset=\"https:\/\/bcsophrologue.com\/wp-content\/uploads\/2023\/06\/money-2696219-1-1024x683.jpg 1024w, https:\/\/bcsophrologue.com\/wp-content\/uploads\/2023\/06\/money-2696219-1-300x200.jpg 300w, https:\/\/bcsophrologue.com\/wp-content\/uploads\/2023\/06\/money-2696219-1-768x512.jpg 768w, https:\/\/bcsophrologue.com\/wp-content\/uploads\/2023\/06\/money-2696219-1-1536x1025.jpg 1536w, https:\/\/bcsophrologue.com\/wp-content\/uploads\/2023\/06\/money-2696219-1-2048x1367.jpg 2048w\" sizes=\"(max-width: 1024px) 100vw, 1024px\" \/><\/figure><div class=\"wp-block-media-text__content\">\n<p><\/p>\n\n\n\n<p class=\"has-text-align-left has-vivid-green-cyan-color has-text-color\" style=\"font-size:23px\"><strong>75 \u20ac la premi\u00e8re s\u00e9ance <\/strong>(dur\u00e9e 1h30)<\/p>\n\n\n\n<p class=\"has-text-align-center\" style=\"font-size:23px\"><\/p>\n\n\n\n<p class=\"has-vivid-green-cyan-color has-text-color\" style=\"font-size:23px\"><strong>60 \u20ac par s\u00e9ance<\/strong>        (dur\u00e9e 1h00) <\/p>\n<\/div><\/div>\n\n\n\n<div style=\"height:24px\" aria-hidden=\"true\" class=\"wp-block-spacer\"><\/div>\n\n\n\n<div class=\"wp-block-columns is-layout-flex wp-container-2\">\n<div class=\"wp-block-column is-layout-flow\">\n<h2 class=\"wp-block-heading\" style=\"font-size:32px\">Autres informations <\/h2>\n\n\n\n<ul>\n<li style=\"font-size:17px\">Pratique en position assise ou debout, les yeux ferm\u00e9s ou ouverts<\/li>\n\n\n\n<li style=\"font-size:17px\">Possibilit\u00e9 d&#8217;enregistrer la s\u00e9ance <\/li>\n\n\n\n<li style=\"font-size:17px\">Pour une t\u00e9l\u00e9 s\u00e9ance, pr\u00e9voir l&#8217;application Microsoft Teams totalement gratuite sur un ordinateur ou un smartphone<\/li>\n\n\n\n<li style=\"font-size:17px\">Aucune tenue particuli\u00e8re n&#8217;est requise<\/li>\n<\/ul>\n<\/div>\n<\/div>\n\n\n\n<div class=\"wp-block-buttons is-horizontal is-content-justification-center is-layout-flex wp-container-3\">\n<div class=\"wp-block-button has-custom-width wp-block-button__width-50 has-custom-font-size is-style-outline has-medium-font-size\"><a class=\"wp-block-button__link has-vivid-cyan-blue-color has-blush-light-purple-gradient-background has-text-color has-background has-text-align-center wp-element-button\" href=\"https:\/\/bcsophrologue.com\/index.php\/prendre-rendez-vous\/\"><strong>Me contacter<\/strong><\/a><\/div>\n<\/div>\n","protected":false},"excerpt":{"rendered":"<p>La personne la plus importante c&#8217;est vous. Je vous propose un accompagnement personnalis\u00e9. Cadre d&#8217;une s\u00e9ance D\u00e9roulement d&#8217;une s\u00e9ance Tarifs 75 \u20ac la premi\u00e8re s\u00e9ance (dur\u00e9e 1h30) 60 \u20ac par &hellip; <\/p>\n","protected":false},"author":1,"featured_media":218,"parent":0,"menu_order":0,"comment_status":"closed","ping_status":"closed","template":"","meta":[],"aioseo_notices":[],"_links":{"self":[{"href":"https:\/\/bcsophrologue.com\/index.php\/wp-json\/wp\/v2\/pages\/126"}],"collection":[{"href":"https:\/\/bcsophrologue.com\/index.php\/wp-json\/wp\/v2\/pages"}],"about":[{"href":"https:\/\/bcsophrologue.com\/index.php\/wp-json\/wp\/v2\/types\/page"}],"author":[{"embeddable":true,"href":"https:\/\/bcsophrologue.com\/index.php\/wp-json\/wp\/v2\/users\/1"}],"replies":[{"embeddable":true,"href":"https:\/\/bcsophrologue.com\/index.php\/wp-json\/wp\/v2\/comments?post=126"}],"version-history":[{"count":55,"href":"https:\/\/bcsophrologue.com\/index.php\/wp-json\/wp\/v2\/pages\/126\/revisions"}],"predecessor-version":[{"id":741,"href":"https:\/\/bcsophrologue.com\/index.php\/wp-json\/wp\/v2\/pages\/126\/revisions\/741"}],"wp:featuredmedia":[{"embeddable":true,"href":"https:\/\/bcsophrologue.com\/index.php\/wp-json\/wp\/v2\/media\/218"}],"wp:attachment":[{"href":"https:\/\/bcsophrologue.com\/index.php\/wp-json\/wp\/v2\/media?parent=126"}],"curies":[{"name":"wp","href":"https:\/\/api.w.org\/{rel}","templated":true}]}}