{"id":127,"date":"2023-05-03T17:38:51","date_gmt":"2023-05-03T15:38:51","guid":{"rendered":"https:\/\/bcsophrologue.com\/?page_id=127"},"modified":"2024-07-19T15:59:04","modified_gmt":"2024-07-19T13:59:04","slug":"seance-collective","status":"publish","type":"page","link":"https:\/\/bcsophrologue.com\/index.php\/seance-collective\/","title":{"rendered":"S\u00e9ance collective"},"content":{"rendered":"\n<h2 class=\"wp-block-heading has-large-font-size\">Le cadre<\/h2>\n\n\n\n<div class=\"wp-block-columns is-layout-flex wp-container-2\">\n<div class=\"wp-block-column is-layout-flow\">\n<p class=\"has-text-align-center\" style=\"font-size:17px\">S\u00e9ances collectives le lundi de <strong>19h30 \u00e0 20h30<\/strong> en Visio uniquement. C&#8217;est le rendez-vous sophro du lundi chez vous.  Pour mieux ressentir les bienfaits de la Sophrologie un engagement par OFFRE est conseill\u00e9 avec renouvellement possible. <\/p>\n\n\n\n<p class=\"has-text-align-center\" style=\"font-size:17px\">         <\/p>\n\n\n\n<p class=\"has-text-align-center has-background\" style=\"background:linear-gradient(289deg,rgb(254,205,165) 0%,rgb(254,45,45) 90%,rgb(107,0,62) 100%);font-size:17px\">           <strong>Me contacter par mail ou  par t\u00e9l\u00e9phone pour tout renseignement<\/strong><\/p>\n<\/div>\n<\/div>\n\n\n\n<div style=\"height:31px\" aria-hidden=\"true\" class=\"wp-block-spacer\"><\/div>\n\n\n\n<h2 class=\"wp-block-heading has-text-align-center\" style=\"font-size:32px\">BIENTOT  POUR 2024-2025  <\/h2>\n\n\n\n<p class=\"has-text-align-center\"><strong>Forfait 10 s\u00e9ances par offre soit 15 \u20ac la s\u00e9ance<\/strong><\/p>\n\n\n\n<div class=\"wp-block-media-text alignwide is-stacked-on-mobile is-image-fill\" style=\"grid-template-columns:58% auto\"><figure class=\"wp-block-media-text__media\" style=\"background-image:url(https:\/\/bcsophrologue.com\/wp-content\/uploads\/2023\/06\/heart-1776746_1920-1024x714.jpg);background-position:50% 50%\"><img decoding=\"async\" loading=\"lazy\" width=\"1024\" height=\"714\" src=\"https:\/\/bcsophrologue.com\/wp-content\/uploads\/2023\/06\/heart-1776746_1920-1024x714.jpg\" alt=\"\" class=\"wp-image-539 size-full\" srcset=\"https:\/\/bcsophrologue.com\/wp-content\/uploads\/2023\/06\/heart-1776746_1920-1024x714.jpg 1024w, https:\/\/bcsophrologue.com\/wp-content\/uploads\/2023\/06\/heart-1776746_1920-300x209.jpg 300w, https:\/\/bcsophrologue.com\/wp-content\/uploads\/2023\/06\/heart-1776746_1920-768x535.jpg 768w, https:\/\/bcsophrologue.com\/wp-content\/uploads\/2023\/06\/heart-1776746_1920-1536x1070.jpg 1536w, https:\/\/bcsophrologue.com\/wp-content\/uploads\/2023\/06\/heart-1776746_1920.jpg 1920w\" sizes=\"(max-width: 1024px) 100vw, 1024px\" \/><\/figure><div class=\"wp-block-media-text__content\">\n<div class=\"wp-block-group is-vertical is-layout-flex wp-container-3\">\n<p class=\"has-text-align-left\" style=\"font-size:17px\"><strong>Offre AUTOMNE <\/strong> <\/p>\n\n\n\n<p class=\"has-text-align-left has-vivid-cyan-blue-color has-text-color\" style=\"font-size:17px\"><strong>La relaxation &#8211; le l\u00e2cher prise<\/strong>.<\/p>\n\n\n\n<p class=\"has-text-align-left\" style=\"font-size:17px\"><strong> <\/strong><\/p>\n\n\n\n<p class=\"has-small-font-size\">Possible d&#8217;int\u00e9grer le groupe en cours de trimestre<\/p>\n<\/div>\n<\/div><\/div>\n\n\n\n<div style=\"height:56px\" aria-hidden=\"true\" class=\"wp-block-spacer\"><\/div>\n\n\n\n<div class=\"wp-block-media-text alignwide has-media-on-the-right is-stacked-on-mobile is-image-fill\" style=\"grid-template-columns:auto 55%\"><div class=\"wp-block-media-text__content\">\n<div class=\"wp-block-group is-vertical is-layout-flex wp-container-4\">\n<p class=\"has-text-align-left\" style=\"font-size:17px\"><strong>Offre HIVER<\/strong> <\/p>\n\n\n\n<p class=\"has-text-align-left has-vivid-cyan-blue-color has-text-color\" style=\"font-size:17px\"><strong>La qualit\u00e9 de sommeil et l&#8217;endormissement <\/strong><\/p>\n\n\n\n<p class=\"has-text-align-left\" style=\"font-size:17px\"> <\/p>\n\n\n\n<p class=\"has-text-align-left has-small-font-size\">Possible d&#8217;int\u00e9grer le groupe  en cours de trimestre<strong> <\/strong><\/p>\n<\/div>\n<\/div><figure class=\"wp-block-media-text__media\" style=\"background-image:url(https:\/\/bcsophrologue.com\/wp-content\/uploads\/2023\/06\/sunset-2080072-1-1024x682.jpg);background-position:50% 50%\"><img decoding=\"async\" loading=\"lazy\" width=\"1024\" height=\"682\" src=\"https:\/\/bcsophrologue.com\/wp-content\/uploads\/2023\/06\/sunset-2080072-1-1024x682.jpg\" alt=\"\" class=\"wp-image-540 size-full\" srcset=\"https:\/\/bcsophrologue.com\/wp-content\/uploads\/2023\/06\/sunset-2080072-1-1024x682.jpg 1024w, https:\/\/bcsophrologue.com\/wp-content\/uploads\/2023\/06\/sunset-2080072-1-300x200.jpg 300w, https:\/\/bcsophrologue.com\/wp-content\/uploads\/2023\/06\/sunset-2080072-1-768x512.jpg 768w, https:\/\/bcsophrologue.com\/wp-content\/uploads\/2023\/06\/sunset-2080072-1-1536x1024.jpg 1536w, https:\/\/bcsophrologue.com\/wp-content\/uploads\/2023\/06\/sunset-2080072-1.jpg 2000w\" sizes=\"(max-width: 1024px) 100vw, 1024px\" \/><\/figure><\/div>\n\n\n\n<div style=\"height:56px\" aria-hidden=\"true\" class=\"wp-block-spacer\"><\/div>\n\n\n\n<div style=\"height:58px\" aria-hidden=\"true\" class=\"wp-block-spacer\"><\/div>\n\n\n\n<div class=\"wp-block-media-text alignwide has-media-on-the-right is-stacked-on-mobile is-image-fill\" style=\"grid-template-columns:auto 52%\"><div class=\"wp-block-media-text__content\">\n<div class=\"wp-block-group is-vertical is-layout-flex wp-container-5\">\n<p class=\"has-text-align-left\" style=\"font-size:17px\"><strong>Offre ETE  <\/strong>  <\/p>\n\n\n\n<p class=\"has-text-align-left has-vivid-cyan-blue-color has-text-color\" style=\"font-size:17px\"><strong>Prolonger l&#8217;offre PRINTEMPS avec 4 s\u00e9ances suppl\u00e9mentaires <\/strong><\/p>\n\n\n\n<p class=\"has-text-align-left\" style=\"font-size:17px\"><\/p>\n\n\n\n<p class=\"has-text-align-left\" style=\"font-size:12px\">(valable pour les personnes inscrites \u00e0 l&#8217;offre PRINTEMPS)<\/p>\n<\/div>\n\n\n\n<p class=\"has-medium-font-size\"><strong>  <\/strong><\/p>\n<\/div><figure class=\"wp-block-media-text__media\" style=\"background-image:url(https:\/\/bcsophrologue.com\/wp-content\/uploads\/2023\/06\/grasses-1939673-1024x683.jpg);background-position:50% 50%\"><img decoding=\"async\" loading=\"lazy\" width=\"1024\" height=\"683\" src=\"https:\/\/bcsophrologue.com\/wp-content\/uploads\/2023\/06\/grasses-1939673-1024x683.jpg\" alt=\"\" class=\"wp-image-684 size-full\" srcset=\"https:\/\/bcsophrologue.com\/wp-content\/uploads\/2023\/06\/grasses-1939673-1024x683.jpg 1024w, https:\/\/bcsophrologue.com\/wp-content\/uploads\/2023\/06\/grasses-1939673-300x200.jpg 300w, https:\/\/bcsophrologue.com\/wp-content\/uploads\/2023\/06\/grasses-1939673-768x512.jpg 768w, https:\/\/bcsophrologue.com\/wp-content\/uploads\/2023\/06\/grasses-1939673-1536x1024.jpg 1536w, https:\/\/bcsophrologue.com\/wp-content\/uploads\/2023\/06\/grasses-1939673-2048x1365.jpg 2048w\" sizes=\"(max-width: 1024px) 100vw, 1024px\" \/><\/figure><\/div>\n\n\n\n<div style=\"height:36px\" aria-hidden=\"true\" class=\"wp-block-spacer\"><\/div>\n\n\n\n<h2 class=\"wp-block-heading\" style=\"font-size:32px\">Le d\u00e9roulement d&#8217;une s\u00e9ance<\/h2>\n\n\n\n<ul>\n<li style=\"font-size:17px\">Un temps d&#8217;\u00e9change <\/li>\n\n\n\n<li style=\"font-size:17px\">La pr\u00e9sentation de l&#8217;objectif de la s\u00e9ance<\/li>\n\n\n\n<li style=\"font-size:17px\">Explication des \u00e9tapes de la pratique<\/li>\n\n\n\n<li style=\"font-size:17px\">Un second temps de dialogue pour un partage du v\u00e9cu et des ressentis<\/li>\n\n\n\n<li style=\"font-size:17px\">Pr\u00e9sentation des trucs et astuces de la semaine<\/li>\n\n\n\n<li style=\"font-size:17px\">S\u00e9ances en position assise ou debout les yeux ferm\u00e9s ou ouverts <\/li>\n<\/ul>\n\n\n\n<div style=\"height:30px\" aria-hidden=\"true\" class=\"wp-block-spacer\"><\/div>\n\n\n\n<h2 class=\"wp-block-heading\" style=\"font-size:32px\">Ce qu&#8217;il vous faut<\/h2>\n\n\n\n<ul>\n<li style=\"font-size:17px\">Etre dans une pi\u00e8ce au calme avec une chaise<\/li>\n\n\n\n<li style=\"font-size:17px\">L&#8217;application Microsoft Teams charg\u00e9e sur votre PC ou votre t\u00e9l\u00e9phone<\/li>\n\n\n\n<li style=\"font-size:17px\">Une connexion internet de pr\u00e9f\u00e9rence filaire ou wifi<\/li>\n\n\n\n<li style=\"font-size:17px\">Une tenue confortable <\/li>\n\n\n\n<li style=\"font-size:17px\">Une adresse mail pour recevoir le lien tous les lundis vous permettant de vous connecter<\/li>\n\n\n\n<li style=\"font-size:17px\">Possibilit\u00e9 d&#8217;int\u00e9grer en cours d&#8217;ann\u00e9e le groupe<\/li>\n<\/ul>\n\n\n\n<h2 class=\"wp-block-heading\" style=\"font-size:32px\">Les dates de s\u00e9ances en attente <\/h2>\n\n\n\n<p class=\"has-text-align-center has-text-color\" style=\"color:#cf2d2df7;font-size:17px\">Les dates seront confirm\u00e9es prochainement <strong> : <\/strong><\/p>\n\n\n\n<figure class=\"wp-block-table\" style=\"font-size:17px\"><table><tbody><tr><td>Offre Automne <\/td><\/tr><tr><td>Offre Hiver<\/td><\/tr><tr><td>Offre Printemps <\/td><\/tr><tr><td>Offre Et\u00e9 <\/td><\/tr><\/tbody><\/table><\/figure>\n\n\n\n<h2 class=\"wp-block-heading\" style=\"font-size:32px\">R\u00e8glement <\/h2>\n\n\n\n<ul>\n<li style=\"font-size:17px\">Virement bancaire <\/li>\n\n\n\n<li style=\"font-size:17px\">Possibilit\u00e9 de payer en plusieurs fois <\/li>\n\n\n\n<li style=\"font-size:17px\">Remboursement uniquement en cas d&#8217;annulation pour raison m\u00e9dicale.<\/li>\n\n\n\n<li style=\"font-size:17px\">Certaines mutuelles prennent en charge. Renseignez-vous aupr\u00e8s de la v\u00f4tre.<\/li>\n\n\n\n<li style=\"font-size:17px\">Un contrat et une facture vous seront envoy\u00e9es par mail.<\/li>\n<\/ul>\n\n\n\n<div style=\"height:57px\" aria-hidden=\"true\" class=\"wp-block-spacer\"><\/div>\n\n\n\n<div class=\"wp-block-buttons is-content-justification-center is-layout-flex wp-container-6\">\n<div class=\"wp-block-button has-custom-width wp-block-button__width-50 is-style-outline\"><a class=\"wp-block-button__link has-vivid-cyan-blue-color has-blush-light-purple-gradient-background has-text-color has-background wp-element-button\" href=\"https:\/\/bcsophrologue.com\/index.php\/prendre-rendez-vous\/\" target=\"_blank\" rel=\"noreferrer noopener\"><strong>Me contacter<\/strong><\/a><\/div>\n<\/div>\n","protected":false},"excerpt":{"rendered":"<p>Le cadre S\u00e9ances collectives le lundi de 19h30 \u00e0 20h30 en Visio uniquement. C&#8217;est le rendez-vous sophro du lundi chez vous. Pour mieux ressentir les bienfaits de la Sophrologie un &hellip; <\/p>\n","protected":false},"author":1,"featured_media":218,"parent":0,"menu_order":0,"comment_status":"closed","ping_status":"closed","template":"","meta":[],"aioseo_notices":[],"_links":{"self":[{"href":"https:\/\/bcsophrologue.com\/index.php\/wp-json\/wp\/v2\/pages\/127"}],"collection":[{"href":"https:\/\/bcsophrologue.com\/index.php\/wp-json\/wp\/v2\/pages"}],"about":[{"href":"https:\/\/bcsophrologue.com\/index.php\/wp-json\/wp\/v2\/types\/page"}],"author":[{"embeddable":true,"href":"https:\/\/bcsophrologue.com\/index.php\/wp-json\/wp\/v2\/users\/1"}],"replies":[{"embeddable":true,"href":"https:\/\/bcsophrologue.com\/index.php\/wp-json\/wp\/v2\/comments?post=127"}],"version-history":[{"count":78,"href":"https:\/\/bcsophrologue.com\/index.php\/wp-json\/wp\/v2\/pages\/127\/revisions"}],"predecessor-version":[{"id":893,"href":"https:\/\/bcsophrologue.com\/index.php\/wp-json\/wp\/v2\/pages\/127\/revisions\/893"}],"wp:featuredmedia":[{"embeddable":true,"href":"https:\/\/bcsophrologue.com\/index.php\/wp-json\/wp\/v2\/media\/218"}],"wp:attachment":[{"href":"https:\/\/bcsophrologue.com\/index.php\/wp-json\/wp\/v2\/media?parent=127"}],"curies":[{"name":"wp","href":"https:\/\/api.w.org\/{rel}","templated":true}]}}