{"id":175,"date":"2023-05-03T18:17:14","date_gmt":"2023-05-03T16:17:14","guid":{"rendered":"https:\/\/bcsophrologue.com\/?page_id=175"},"modified":"2023-06-18T17:46:23","modified_gmt":"2023-06-18T15:46:23","slug":"la-sophrologie","status":"publish","type":"page","link":"https:\/\/bcsophrologue.com\/index.php\/la-sophrologie\/","title":{"rendered":"LA SOPHROLOGIE"},"content":{"rendered":"\n<div class=\"wp-block-media-text alignwide is-stacked-on-mobile is-image-fill\" style=\"grid-template-columns:33% auto\"><figure class=\"wp-block-media-text__media\" style=\"background-image:url(https:\/\/bcsophrologue.com\/wp-content\/uploads\/2023\/06\/no-2887342_1920-1024x691.jpg);background-position:50% 50%\"><img decoding=\"async\" loading=\"lazy\" width=\"1024\" height=\"691\" src=\"https:\/\/bcsophrologue.com\/wp-content\/uploads\/2023\/06\/no-2887342_1920-1024x691.jpg\" alt=\"\" class=\"wp-image-610 size-full\" srcset=\"https:\/\/bcsophrologue.com\/wp-content\/uploads\/2023\/06\/no-2887342_1920-1024x691.jpg 1024w, https:\/\/bcsophrologue.com\/wp-content\/uploads\/2023\/06\/no-2887342_1920-300x203.jpg 300w, https:\/\/bcsophrologue.com\/wp-content\/uploads\/2023\/06\/no-2887342_1920-768x518.jpg 768w, https:\/\/bcsophrologue.com\/wp-content\/uploads\/2023\/06\/no-2887342_1920-1536x1037.jpg 1536w, https:\/\/bcsophrologue.com\/wp-content\/uploads\/2023\/06\/no-2887342_1920.jpg 1920w\" sizes=\"(max-width: 1024px) 100vw, 1024px\" \/><\/figure><div class=\"wp-block-media-text__content\">\n<ul>\n<li style=\"font-size:15px\">Pas une th\u00e9rapie mais un entra\u00eenement existentiel qui peut avoir des effets th\u00e9rapeutiques. <\/li>\n\n\n\n<li style=\"font-size:15px\">Pas une m\u00e9thode de relaxation m\u00eame si on utilise des exercices de relaxation<\/li>\n\n\n\n<li style=\"font-size:15px\">Pas une m\u00e9thode magique mais qui demande de l&#8217;entra\u00eenement <\/li>\n\n\n\n<li style=\"font-size:15px\">Pas une simple boite \u00e0 outils mais une m\u00e9thode qui permet de prendre conscience du positif et le renforcer en termes de sensations, de pens\u00e9es, de ressources, de capacit\u00e9s et de valeurs . <\/li>\n<\/ul>\n<\/div><\/div>\n\n\n\n<p><\/p>\n\n\n\n<div class=\"wp-block-media-text alignwide is-stacked-on-mobile is-vertically-aligned-top is-image-fill\" style=\"grid-template-columns:33% auto\"><figure class=\"wp-block-media-text__media\" style=\"background-image:url(https:\/\/bcsophrologue.com\/wp-content\/uploads\/2023\/06\/yes-2076813_1920-1024x683.jpg);background-position:50% 50%\"><img decoding=\"async\" loading=\"lazy\" width=\"1024\" height=\"683\" src=\"https:\/\/bcsophrologue.com\/wp-content\/uploads\/2023\/06\/yes-2076813_1920-1024x683.jpg\" alt=\"\" class=\"wp-image-613 size-full\" srcset=\"https:\/\/bcsophrologue.com\/wp-content\/uploads\/2023\/06\/yes-2076813_1920-1024x683.jpg 1024w, https:\/\/bcsophrologue.com\/wp-content\/uploads\/2023\/06\/yes-2076813_1920-300x200.jpg 300w, https:\/\/bcsophrologue.com\/wp-content\/uploads\/2023\/06\/yes-2076813_1920-768x512.jpg 768w, https:\/\/bcsophrologue.com\/wp-content\/uploads\/2023\/06\/yes-2076813_1920-1536x1025.jpg 1536w, https:\/\/bcsophrologue.com\/wp-content\/uploads\/2023\/06\/yes-2076813_1920.jpg 1920w\" sizes=\"(max-width: 1024px) 100vw, 1024px\" \/><\/figure><div class=\"wp-block-media-text__content\">\n<ul>\n<li style=\"font-size:15px\">Des exercices de relaxation, de respiration et de visualisation adapt\u00e9s \u00e0 chacun et \u00e0 ses propres objectifs<\/li>\n\n\n\n<li style=\"font-size:15px\">Etre entre veille et sommeil qui permet dans cet \u00e9tat de conscience de d\u00e9sactiver  tous les filtres, les croyances et les blocages<\/li>\n\n\n\n<li style=\"font-size:15px\">Se percevoir r\u00e9ellement d&#8217;une nouvelle fa\u00e7on et peut \u00eatre faire \u00e9merger des ressources dont on n&#8217;a pas conscience dans le quotidien<\/li>\n\n\n\n<li style=\"font-size:15px\">Avancer ensemble pour vous aider \u00e0 activer, r\u00e9activer et potentialiser vos ressources pour atteindre vos objectifs.<\/li>\n<\/ul>\n<\/div><\/div>\n\n\n\n<div class=\"wp-block-media-text alignwide is-stacked-on-mobile\"><figure class=\"wp-block-media-text__media\"><img decoding=\"async\" loading=\"lazy\" width=\"1024\" height=\"512\" src=\"https:\/\/bcsophrologue.com\/wp-content\/uploads\/2023\/06\/important-2508605_1920-1024x512.jpg\" alt=\"\" class=\"wp-image-614 size-full\" srcset=\"https:\/\/bcsophrologue.com\/wp-content\/uploads\/2023\/06\/important-2508605_1920-1024x512.jpg 1024w, https:\/\/bcsophrologue.com\/wp-content\/uploads\/2023\/06\/important-2508605_1920-300x150.jpg 300w, https:\/\/bcsophrologue.com\/wp-content\/uploads\/2023\/06\/important-2508605_1920-768x384.jpg 768w, https:\/\/bcsophrologue.com\/wp-content\/uploads\/2023\/06\/important-2508605_1920-1536x768.jpg 1536w, https:\/\/bcsophrologue.com\/wp-content\/uploads\/2023\/06\/important-2508605_1920.jpg 1920w\" sizes=\"(max-width: 1024px) 100vw, 1024px\" \/><\/figure><div class=\"wp-block-media-text__content\">\n<p class=\"has-medium-font-size\"><strong>La Sophrologie <\/strong>: <\/p>\n\n\n\n<ul>\n<li style=\"font-size:15px\">ne se substitue en aucun cas \u00e0 un traitement m\u00e9dical.   <\/li>\n\n\n\n<li style=\"font-size:15px\"> peut bien \u00e9videment venir en compl\u00e9ment de ce traitement, notamment lorsqu&#8217;elle est conseill\u00e9e  par un m\u00e9decin ou un centre de soin.<\/li>\n\n\n\n<li style=\"font-size:15px\">Les s\u00e9ances peuvent \u00eatre totalement   ou partiellement prises en charge par votre mutuelle.  <\/li>\n<\/ul>\n<\/div><\/div>\n","protected":false},"excerpt":{"rendered":"","protected":false},"author":1,"featured_media":218,"parent":0,"menu_order":0,"comment_status":"closed","ping_status":"closed","template":"","meta":[],"aioseo_notices":[],"_links":{"self":[{"href":"https:\/\/bcsophrologue.com\/index.php\/wp-json\/wp\/v2\/pages\/175"}],"collection":[{"href":"https:\/\/bcsophrologue.com\/index.php\/wp-json\/wp\/v2\/pages"}],"about":[{"href":"https:\/\/bcsophrologue.com\/index.php\/wp-json\/wp\/v2\/types\/page"}],"author":[{"embeddable":true,"href":"https:\/\/bcsophrologue.com\/index.php\/wp-json\/wp\/v2\/users\/1"}],"replies":[{"embeddable":true,"href":"https:\/\/bcsophrologue.com\/index.php\/wp-json\/wp\/v2\/comments?post=175"}],"version-history":[{"count":19,"href":"https:\/\/bcsophrologue.com\/index.php\/wp-json\/wp\/v2\/pages\/175\/revisions"}],"predecessor-version":[{"id":652,"href":"https:\/\/bcsophrologue.com\/index.php\/wp-json\/wp\/v2\/pages\/175\/revisions\/652"}],"wp:featuredmedia":[{"embeddable":true,"href":"https:\/\/bcsophrologue.com\/index.php\/wp-json\/wp\/v2\/media\/218"}],"wp:attachment":[{"href":"https:\/\/bcsophrologue.com\/index.php\/wp-json\/wp\/v2\/media?parent=175"}],"curies":[{"name":"wp","href":"https:\/\/api.w.org\/{rel}","templated":true}]}}