{"id":176,"date":"2023-05-03T18:17:14","date_gmt":"2023-05-03T16:17:14","guid":{"rendered":"https:\/\/bcsophrologue.com\/?page_id=176"},"modified":"2023-10-05T22:01:16","modified_gmt":"2023-10-05T20:01:16","slug":"les-seances","status":"publish","type":"page","link":"https:\/\/bcsophrologue.com\/index.php\/les-seances\/","title":{"rendered":"LES SEANCES"},"content":{"rendered":"\n<div class=\"wp-block-media-text alignwide is-stacked-on-mobile is-image-fill\" style=\"grid-template-columns:68% auto\"><figure class=\"wp-block-media-text__media\" style=\"background-image:url(https:\/\/bcsophrologue.com\/wp-content\/uploads\/2023\/05\/tree-2916763-scaled.jpg);background-position:67% 48%\"><img decoding=\"async\" loading=\"lazy\" width=\"2560\" height=\"1519\" src=\"https:\/\/bcsophrologue.com\/wp-content\/uploads\/2023\/05\/tree-2916763-scaled.jpg\" alt=\"\" class=\"wp-image-489 size-full\" srcset=\"https:\/\/bcsophrologue.com\/wp-content\/uploads\/2023\/05\/tree-2916763-scaled.jpg 2560w, https:\/\/bcsophrologue.com\/wp-content\/uploads\/2023\/05\/tree-2916763-300x178.jpg 300w, https:\/\/bcsophrologue.com\/wp-content\/uploads\/2023\/05\/tree-2916763-1024x607.jpg 1024w, https:\/\/bcsophrologue.com\/wp-content\/uploads\/2023\/05\/tree-2916763-768x456.jpg 768w, https:\/\/bcsophrologue.com\/wp-content\/uploads\/2023\/05\/tree-2916763-1536x911.jpg 1536w, https:\/\/bcsophrologue.com\/wp-content\/uploads\/2023\/05\/tree-2916763-2048x1215.jpg 2048w\" sizes=\"(max-width: 2560px) 100vw, 2560px\" \/><\/figure><div class=\"wp-block-media-text__content\">\n<p><\/p>\n\n\n\n<p><\/p>\n\n\n\n<p class=\"has-text-color\" style=\"color:#0718e3;font-size:15px\">Je  vous propose un accompagnement en s\u00e9ance individuelle, collective \u00e0 mon cabinet ou en t\u00e9l\u00e9 consultation. Je peux \u00e9galement me d\u00e9placer.   <\/p>\n\n\n\n<div style=\"height:6px\" aria-hidden=\"true\" class=\"wp-block-spacer\"><\/div>\n\n\n\n<p class=\"has-text-align-center has-text-color\" style=\"color:#0718e3;font-size:15px\">En savoir plus : <\/p>\n\n\n\n<div class=\"wp-block-buttons is-layout-flex\">\n<div class=\"wp-block-button has-custom-width wp-block-button__width-75\"><a class=\"wp-block-button__link has-vivid-cyan-blue-color has-pale-ocean-gradient-background has-text-color has-background has-text-align-center wp-element-button\" href=\"https:\/\/bcsophrologue.com\/index.php\/seance-individuelle\/\"><strong>S\u00e9ance Individuelle<\/strong><\/a><\/div>\n<\/div>\n\n\n\n<div style=\"height:25px\" aria-hidden=\"true\" class=\"wp-block-spacer\"><\/div>\n\n\n\n<div class=\"wp-block-buttons is-layout-flex wp-container-2\">\n<div class=\"wp-block-button has-custom-width wp-block-button__width-75\"><a class=\"wp-block-button__link has-vivid-cyan-blue-color has-blush-light-purple-gradient-background has-text-color has-background wp-element-button\" href=\"https:\/\/bcsophrologue.com\/index.php\/seance-collective\/\"><strong>S\u00e9ance collective <\/strong><\/a><\/div>\n<\/div>\n\n\n\n<div style=\"height:32px\" aria-hidden=\"true\" class=\"wp-block-spacer\"><\/div>\n\n\n\n<div class=\"wp-block-buttons is-layout-flex\"><\/div>\n<\/div><\/div>\n","protected":false},"excerpt":{"rendered":"","protected":false},"author":1,"featured_media":218,"parent":0,"menu_order":0,"comment_status":"closed","ping_status":"closed","template":"","meta":[],"aioseo_notices":[],"_links":{"self":[{"href":"https:\/\/bcsophrologue.com\/index.php\/wp-json\/wp\/v2\/pages\/176"}],"collection":[{"href":"https:\/\/bcsophrologue.com\/index.php\/wp-json\/wp\/v2\/pages"}],"about":[{"href":"https:\/\/bcsophrologue.com\/index.php\/wp-json\/wp\/v2\/types\/page"}],"author":[{"embeddable":true,"href":"https:\/\/bcsophrologue.com\/index.php\/wp-json\/wp\/v2\/users\/1"}],"replies":[{"embeddable":true,"href":"https:\/\/bcsophrologue.com\/index.php\/wp-json\/wp\/v2\/comments?post=176"}],"version-history":[{"count":30,"href":"https:\/\/bcsophrologue.com\/index.php\/wp-json\/wp\/v2\/pages\/176\/revisions"}],"predecessor-version":[{"id":873,"href":"https:\/\/bcsophrologue.com\/index.php\/wp-json\/wp\/v2\/pages\/176\/revisions\/873"}],"wp:featuredmedia":[{"embeddable":true,"href":"https:\/\/bcsophrologue.com\/index.php\/wp-json\/wp\/v2\/media\/218"}],"wp:attachment":[{"href":"https:\/\/bcsophrologue.com\/index.php\/wp-json\/wp\/v2\/media?parent=176"}],"curies":[{"name":"wp","href":"https:\/\/api.w.org\/{rel}","templated":true}]}}