{"id":205,"date":"2023-05-03T19:40:14","date_gmt":"2023-05-03T17:40:14","guid":{"rendered":"https:\/\/bcsophrologue.com\/?page_id=205"},"modified":"2024-01-21T11:55:37","modified_gmt":"2024-01-21T10:55:37","slug":"prendre-rendez-vous","status":"publish","type":"page","link":"https:\/\/bcsophrologue.com\/index.php\/prendre-rendez-vous\/","title":{"rendered":"ME CONTACTER"},"content":{"rendered":"\n<p class=\"has-text-align-center has-vivid-red-color has-text-color\" style=\"font-size:22px\"><strong>Vous pouvez remplir le formulaire ci-dessous, m&#8217;envoyer un mail ou un sms. <\/strong><\/p>\n\n\n\n<p class=\"has-text-align-center has-vivid-red-color has-text-color\" style=\"font-size:22px\"><\/p>\n\n\n<div class=\"wp-block-image\">\n<figure class=\"aligncenter size-full\"><img decoding=\"async\" loading=\"lazy\" width=\"982\" height=\"553\" src=\"https:\/\/bcsophrologue.com\/wp-content\/uploads\/2023\/07\/BC-IMG-20230705-WA0029-1.jpg\" alt=\"\" class=\"wp-image-856\" srcset=\"https:\/\/bcsophrologue.com\/wp-content\/uploads\/2023\/07\/BC-IMG-20230705-WA0029-1.jpg 982w, https:\/\/bcsophrologue.com\/wp-content\/uploads\/2023\/07\/BC-IMG-20230705-WA0029-1-300x169.jpg 300w, https:\/\/bcsophrologue.com\/wp-content\/uploads\/2023\/07\/BC-IMG-20230705-WA0029-1-768x432.jpg 768w\" sizes=\"(max-width: 982px) 100vw, 982px\" \/><\/figure><\/div>\n\n\n<h2 class=\"wp-block-heading has-text-align-center has-white-background-color has-text-color has-background\" style=\"color:#0745e3;font-size:17px\"> <br><strong>  BCSOPHROLOGUE<\/strong><br>Cocoon Space  &#8211;  21 Rue d&#8217;Alg\u00e9rie 69001 Lyon<\/h2>\n\n\n\n<p class=\"has-text-align-center\">M\u00e9tro ligne A arr\u00eat H\u00f4tel de Villle Louis Pradel (5 minutes \u00e0 pied)<\/p>\n\n\n\n<h2 class=\"wp-block-heading has-text-align-center has-white-background-color has-text-color has-background\" style=\"color:#0745e3;font-size:17px\"><br>06 81 73 55 81 <br> bcsophro@outlook.fr <\/h2>\n\n\n\n<div class=\"wp-block-buttons alignwide is-content-justification-center is-layout-flex wp-container-1\">\n<div class=\"wp-block-button has-custom-width wp-block-button__width-50 is-style-outline\"><a class=\"wp-block-button__link has-luminous-vivid-orange-background-color has-background has-text-align-center wp-element-button\" href=\"https:\/\/www.google.fr\/maps\/place\/Cocoon+Space+-+salle+de+r%C3%A9union+et+bureau+%C3%A0+l'heure+et+%C3%A0+la+journ%C3%A9e\/@45.767761,4.8296758,16.75z\/data=!4m6!3m5!1s0x47f4eb81944cf287:0xab1a7ab7a074b242!8m2!3d45.7677283!4d4.8322913!16s%2Fg%2F11s1839s98?entry=ttu\" target=\"_blank\" rel=\"noreferrer noopener\"><strong>PLAN GOOGLE ACCES COCOON SPACE<\/strong><\/a><\/div>\n<\/div>\n\n\n\n<figure class=\"wp-block-pullquote has-white-background-color has-background has-medium-font-size\"><blockquote><p><strong> FORMULAIRE DE CONTACT <\/strong><\/p><\/blockquote><\/figure>\n\n\n<div class=\"wpforms-container wpforms-container-full wpforms-block wpforms-block-feff2343-45f1-4b98-a947-e412d81bf52f wpforms-render-modern\" id=\"wpforms-278\"><form id=\"wpforms-form-278\" class=\"wpforms-validate wpforms-form wpforms-ajax-form\" data-formid=\"278\" method=\"post\" enctype=\"multipart\/form-data\" action=\"\/index.php\/wp-json\/wp\/v2\/pages\/205\" data-token=\"17c0d825c5619a7a664c5443a06351d5\" data-token-time=\"1776102962\"><noscript class=\"wpforms-error-noscript\">Please enable JavaScript in your browser to complete this form.<\/noscript><div id=\"wpforms-error-noscript\" style=\"display: none;\">Please enable JavaScript in your browser to complete this form.<\/div><div class=\"wpforms-field-container\"><div id=\"wpforms-278-field_0-container\" class=\"wpforms-field wpforms-field-name\" data-field-id=\"0\"><fieldset><legend class=\"wpforms-field-label\">Nom <span class=\"wpforms-required-label\" aria-hidden=\"true\">*<\/span><\/legend><div class=\"wpforms-field-row wpforms-field-medium\"><div class=\"wpforms-field-row-block wpforms-first wpforms-one-half\"><input type=\"text\" id=\"wpforms-278-field_0\" class=\"wpforms-field-name-first wpforms-field-required\" name=\"wpforms[fields][0][first]\" aria-errormessage=\"wpforms-278-field_0-error\" required><label for=\"wpforms-278-field_0\" class=\"wpforms-field-sublabel after\">First<\/label><\/div><div class=\"wpforms-field-row-block wpforms-one-half\"><input type=\"text\" id=\"wpforms-278-field_0-last\" class=\"wpforms-field-name-last wpforms-field-required\" name=\"wpforms[fields][0][last]\" aria-errormessage=\"wpforms-278-field_0-last-error\" required><label for=\"wpforms-278-field_0-last\" class=\"wpforms-field-sublabel after\">Last<\/label><\/div><\/div><\/fieldset><\/div><div id=\"wpforms-278-field_1-container\" class=\"wpforms-field wpforms-field-email\" data-field-id=\"1\"><label class=\"wpforms-field-label\" for=\"wpforms-278-field_1\">E-mail <span class=\"wpforms-required-label\" aria-hidden=\"true\">*<\/span><\/label><input type=\"email\" id=\"wpforms-278-field_1\" class=\"wpforms-field-medium wpforms-field-required\" name=\"wpforms[fields][1]\" spellcheck=\"false\" aria-errormessage=\"wpforms-278-field_1-error\" required><\/div><div id=\"wpforms-278-field_2-container\" class=\"wpforms-field wpforms-field-textarea\" data-field-id=\"2\"><label class=\"wpforms-field-label\" for=\"wpforms-278-field_2\">Commentaire ou message<\/label><textarea id=\"wpforms-278-field_2\" class=\"wpforms-field-medium\" name=\"wpforms[fields][2]\" aria-errormessage=\"wpforms-278-field_2-error\" ><\/textarea><\/div><\/div><!-- .wpforms-field-container --><div class=\"wpforms-submit-container\" ><input type=\"hidden\" name=\"wpforms[id]\" value=\"278\"><input type=\"hidden\" name=\"page_title\" value=\"\"><input type=\"hidden\" name=\"page_url\" value=\"https:\/\/bcsophrologue.com\/index.php\/wp-json\/wp\/v2\/pages\/205\"><input type=\"hidden\" name=\"url_referer\" value=\"https:\/\/bcsophrologue.com\/index.php\/prendre-rendez-vous\/\"><button type=\"submit\" name=\"wpforms[submit]\" id=\"wpforms-submit-278\" class=\"wpforms-submit\" data-alt-text=\"Envoi...\" data-submit-text=\"Envoyer\" aria-live=\"assertive\" value=\"wpforms-submit\">Envoyer<\/button><img decoding=\"async\" loading=\"lazy\" src=\"https:\/\/bcsophrologue.com\/wp-content\/plugins\/wpforms-lite\/assets\/images\/submit-spin.svg\" class=\"wpforms-submit-spinner\" style=\"display: none;\" width=\"26\" height=\"26\" alt=\"Loading\"><\/div><\/form><\/div>  <!-- .wpforms-container -->","protected":false},"excerpt":{"rendered":"<p>Vous pouvez remplir le formulaire ci-dessous, m&#8217;envoyer un mail ou un sms. BCSOPHROLOGUECocoon Space &#8211; 21 Rue d&#8217;Alg\u00e9rie 69001 Lyon M\u00e9tro ligne A arr\u00eat H\u00f4tel de Villle Louis Pradel (5 &hellip; <\/p>\n","protected":false},"author":1,"featured_media":218,"parent":0,"menu_order":0,"comment_status":"closed","ping_status":"closed","template":"","meta":[],"aioseo_notices":[],"_links":{"self":[{"href":"https:\/\/bcsophrologue.com\/index.php\/wp-json\/wp\/v2\/pages\/205"}],"collection":[{"href":"https:\/\/bcsophrologue.com\/index.php\/wp-json\/wp\/v2\/pages"}],"about":[{"href":"https:\/\/bcsophrologue.com\/index.php\/wp-json\/wp\/v2\/types\/page"}],"author":[{"embeddable":true,"href":"https:\/\/bcsophrologue.com\/index.php\/wp-json\/wp\/v2\/users\/1"}],"replies":[{"embeddable":true,"href":"https:\/\/bcsophrologue.com\/index.php\/wp-json\/wp\/v2\/comments?post=205"}],"version-history":[{"count":47,"href":"https:\/\/bcsophrologue.com\/index.php\/wp-json\/wp\/v2\/pages\/205\/revisions"}],"predecessor-version":[{"id":890,"href":"https:\/\/bcsophrologue.com\/index.php\/wp-json\/wp\/v2\/pages\/205\/revisions\/890"}],"wp:featuredmedia":[{"embeddable":true,"href":"https:\/\/bcsophrologue.com\/index.php\/wp-json\/wp\/v2\/media\/218"}],"wp:attachment":[{"href":"https:\/\/bcsophrologue.com\/index.php\/wp-json\/wp\/v2\/media?parent=205"}],"curies":[{"name":"wp","href":"https:\/\/api.w.org\/{rel}","templated":true}]}}